{"id":2174,"date":"2025-04-14T16:35:59","date_gmt":"2025-04-14T14:35:59","guid":{"rendered":"https:\/\/felixflos.nl\/?post_type=product&#038;p=2174"},"modified":"2026-04-16T10:01:01","modified_gmt":"2026-04-16T08:01:01","slug":"2-pack-sportsokken-power-pair","status":"publish","type":"product","link":"https:\/\/felixflos.nl\/en\/product\/2-pack-sportsokken-power-pair\/","title":{"rendered":"2-pack \u2014 power pair"},"excerpt":{"rendered":"<p>Het beste van beide werelden. Het Power Pair 2-pack geeft je de onmisbare basis: \u00e9\u00e9n paar zwart en \u00e9\u00e9n paar wit. Geen keuzestress, maar direct de hoogwaardige Performance Step support voor elke outfit en elke workout. De essenti\u00eble rotatie voor de actieve creator.<\/p>\n","protected":false},"featured_media":3074,"template":"","meta":{"_acf_changed":false},"product_brand":[76],"product_cat":[71,70,109,79,80],"product_tag":[72],"class_list":{"0":"post-2174","1":"product","2":"type-product","3":"status-publish","4":"has-post-thumbnail","6":"product_brand-felix_flos","7":"product_cat-dames-sportsokken-kopen","8":"product_cat-heren-sportsokken-kopen","9":"product_cat-performance-step-sportsokken","10":"product_cat-pro-packs-sportsokken","11":"product_cat-sportsokken-kopen","12":"product_tag-2-pack","14":"first","15":"instock","16":"sale","17":"taxable","18":"shipping-taxable","19":"purchasable","20":"product-type-variable"},"acf":[],"yoast_head":"<!-- This site is optimized with the Yoast SEO plugin v27.2 - https:\/\/yoast.com\/product\/yoast-seo-wordpress\/ -->\n<title>2-Pack Zwarte &amp; Witte Sportsokken | Power Pair | Felix Flos<\/title>\n<meta name=\"description\" content=\"De basis voor elke sporter. Bestel het Power Pair 2-pack (1x zwart, 1x wit). Premium Performance Step sportsokken met urban support. Voor 18:00 besteld = morgen in huis!\" \/>\n<meta name=\"robots\" content=\"index, follow, max-snippet:-1, max-image-preview:large, max-video-preview:-1\" \/>\n<link rel=\"canonical\" href=\"https:\/\/felixflos.nl\/en\/product\/2-pack-sportsokken-power-pair\/\" \/>\n<meta property=\"og:locale\" content=\"en_US\" \/>\n<meta property=\"og:type\" content=\"article\" \/>\n<meta property=\"og:title\" content=\"2-Pack Zwarte &amp; Witte Sportsokken | Power Pair | Felix Flos\" \/>\n<meta property=\"og:description\" content=\"De basis voor elke sporter. Bestel het Power Pair 2-pack (1x zwart, 1x wit). Premium Performance Step sportsokken met urban support. Voor 18:00 besteld = morgen in huis!\" \/>\n<meta property=\"og:url\" content=\"https:\/\/felixflos.nl\/en\/product\/2-pack-sportsokken-power-pair\/\" \/>\n<meta property=\"og:site_name\" content=\"Felix Flos\" \/>\n<meta property=\"article:modified_time\" content=\"2026-04-16T08:01:01+00:00\" \/>\n<meta property=\"og:image\" content=\"https:\/\/felixflos.nl\/wp-content\/uploads\/2025\/04\/2-pack-witte-en-zwarte-sportsokken-dames-en-heren-Felix-Flos.png\" \/>\n\t<meta property=\"og:image:width\" content=\"2048\" \/>\n\t<meta property=\"og:image:height\" content=\"1509\" \/>\n\t<meta property=\"og:image:type\" content=\"image\/png\" \/>\n<meta name=\"twitter:card\" content=\"summary_large_image\" \/>\n<meta name=\"twitter:label1\" content=\"Est. reading time\" \/>\n\t<meta name=\"twitter:data1\" content=\"1 minute\" \/>\n<script type=\"application\/ld+json\" class=\"yoast-schema-graph\">{\"@context\":\"https:\/\/schema.org\",\"@graph\":[{\"@type\":\"WebPage\",\"@id\":\"https:\/\/felixflos.nl\/en\/product\/2-pack-sportsokken-power-pair\/\",\"url\":\"https:\/\/felixflos.nl\/en\/product\/2-pack-sportsokken-power-pair\/\",\"name\":\"2-Pack Zwarte & Witte Sportsokken | Power Pair | Felix Flos\",\"isPartOf\":{\"@id\":\"https:\/\/felixflos.nl\/en\/#website\"},\"primaryImageOfPage\":{\"@id\":\"https:\/\/felixflos.nl\/en\/product\/2-pack-sportsokken-power-pair\/#primaryimage\"},\"image\":{\"@id\":\"https:\/\/felixflos.nl\/en\/product\/2-pack-sportsokken-power-pair\/#primaryimage\"},\"thumbnailUrl\":\"https:\/\/felixflos.nl\/wp-content\/uploads\/2025\/04\/2-pack-witte-en-zwarte-sportsokken-dames-en-heren-Felix-Flos.png\",\"datePublished\":\"2025-04-14T14:35:59+00:00\",\"dateModified\":\"2026-04-16T08:01:01+00:00\",\"description\":\"De basis voor elke sporter. Bestel het Power Pair 2-pack (1x zwart, 1x wit). Premium Performance Step sportsokken met urban support. Voor 18:00 besteld = morgen in huis!\",\"breadcrumb\":{\"@id\":\"https:\/\/felixflos.nl\/en\/product\/2-pack-sportsokken-power-pair\/#breadcrumb\"},\"inLanguage\":\"en-US\",\"potentialAction\":[{\"@type\":\"ReadAction\",\"target\":[\"https:\/\/felixflos.nl\/en\/product\/2-pack-sportsokken-power-pair\/\"]}]},{\"@type\":\"ImageObject\",\"inLanguage\":\"en-US\",\"@id\":\"https:\/\/felixflos.nl\/en\/product\/2-pack-sportsokken-power-pair\/#primaryimage\",\"url\":\"https:\/\/felixflos.nl\/wp-content\/uploads\/2025\/04\/2-pack-witte-en-zwarte-sportsokken-dames-en-heren-Felix-Flos.png\",\"contentUrl\":\"https:\/\/felixflos.nl\/wp-content\/uploads\/2025\/04\/2-pack-witte-en-zwarte-sportsokken-dames-en-heren-Felix-Flos.png\",\"width\":2048,\"height\":1509,\"caption\":\"zwarte en witte sportsokken\"},{\"@type\":\"BreadcrumbList\",\"@id\":\"https:\/\/felixflos.nl\/en\/product\/2-pack-sportsokken-power-pair\/#breadcrumb\",\"itemListElement\":[{\"@type\":\"ListItem\",\"position\":1,\"name\":\"home\",\"item\":\"https:\/\/felixflos.nl\/en\/\"},{\"@type\":\"ListItem\",\"position\":2,\"name\":\"Shop\",\"item\":\"https:\/\/felixflos.nl\/en\/shop\/\"},{\"@type\":\"ListItem\",\"position\":3,\"name\":\"2-pack \u2014 power pair\"}]},{\"@type\":\"WebSite\",\"@id\":\"https:\/\/felixflos.nl\/en\/#website\",\"url\":\"https:\/\/felixflos.nl\/en\/\",\"name\":\"Felix Flos\",\"description\":\"at home in my skin\",\"potentialAction\":[{\"@type\":\"SearchAction\",\"target\":{\"@type\":\"EntryPoint\",\"urlTemplate\":\"https:\/\/felixflos.nl\/en\/?s={search_term_string}\"},\"query-input\":{\"@type\":\"PropertyValueSpecification\",\"valueRequired\":true,\"valueName\":\"search_term_string\"}}],\"inLanguage\":\"en-US\"}]}<\/script>\n<!-- \/ Yoast SEO plugin. -->","yoast_head_json":{"title":"2-Pack Zwarte & Witte Sportsokken | Power Pair | Felix Flos","description":"De basis voor elke sporter. Bestel het Power Pair 2-pack (1x zwart, 1x wit). Premium Performance Step sportsokken met urban support. Voor 18:00 besteld = morgen in huis!","robots":{"index":"index","follow":"follow","max-snippet":"max-snippet:-1","max-image-preview":"max-image-preview:large","max-video-preview":"max-video-preview:-1"},"canonical":"https:\/\/felixflos.nl\/en\/product\/2-pack-sportsokken-power-pair\/","og_locale":"en_US","og_type":"article","og_title":"2-Pack Zwarte & Witte Sportsokken | Power Pair | Felix Flos","og_description":"De basis voor elke sporter. Bestel het Power Pair 2-pack (1x zwart, 1x wit). Premium Performance Step sportsokken met urban support. Voor 18:00 besteld = morgen in huis!","og_url":"https:\/\/felixflos.nl\/en\/product\/2-pack-sportsokken-power-pair\/","og_site_name":"Felix Flos","article_modified_time":"2026-04-16T08:01:01+00:00","og_image":[{"width":2048,"height":1509,"url":"https:\/\/felixflos.nl\/wp-content\/uploads\/2025\/04\/2-pack-witte-en-zwarte-sportsokken-dames-en-heren-Felix-Flos.png","type":"image\/png"}],"twitter_card":"summary_large_image","twitter_misc":{"Est. reading time":"1 minute"},"schema":{"@context":"https:\/\/schema.org","@graph":[{"@type":"WebPage","@id":"https:\/\/felixflos.nl\/en\/product\/2-pack-sportsokken-power-pair\/","url":"https:\/\/felixflos.nl\/en\/product\/2-pack-sportsokken-power-pair\/","name":"2-Pack Zwarte & Witte Sportsokken | Power Pair | Felix Flos","isPartOf":{"@id":"https:\/\/felixflos.nl\/en\/#website"},"primaryImageOfPage":{"@id":"https:\/\/felixflos.nl\/en\/product\/2-pack-sportsokken-power-pair\/#primaryimage"},"image":{"@id":"https:\/\/felixflos.nl\/en\/product\/2-pack-sportsokken-power-pair\/#primaryimage"},"thumbnailUrl":"https:\/\/felixflos.nl\/wp-content\/uploads\/2025\/04\/2-pack-witte-en-zwarte-sportsokken-dames-en-heren-Felix-Flos.png","datePublished":"2025-04-14T14:35:59+00:00","dateModified":"2026-04-16T08:01:01+00:00","description":"De basis voor elke sporter. Bestel het Power Pair 2-pack (1x zwart, 1x wit). Premium Performance Step sportsokken met urban support. Voor 18:00 besteld = morgen in huis!","breadcrumb":{"@id":"https:\/\/felixflos.nl\/en\/product\/2-pack-sportsokken-power-pair\/#breadcrumb"},"inLanguage":"en-US","potentialAction":[{"@type":"ReadAction","target":["https:\/\/felixflos.nl\/en\/product\/2-pack-sportsokken-power-pair\/"]}]},{"@type":"ImageObject","inLanguage":"en-US","@id":"https:\/\/felixflos.nl\/en\/product\/2-pack-sportsokken-power-pair\/#primaryimage","url":"https:\/\/felixflos.nl\/wp-content\/uploads\/2025\/04\/2-pack-witte-en-zwarte-sportsokken-dames-en-heren-Felix-Flos.png","contentUrl":"https:\/\/felixflos.nl\/wp-content\/uploads\/2025\/04\/2-pack-witte-en-zwarte-sportsokken-dames-en-heren-Felix-Flos.png","width":2048,"height":1509,"caption":"zwarte en witte sportsokken"},{"@type":"BreadcrumbList","@id":"https:\/\/felixflos.nl\/en\/product\/2-pack-sportsokken-power-pair\/#breadcrumb","itemListElement":[{"@type":"ListItem","position":1,"name":"home","item":"https:\/\/felixflos.nl\/en\/"},{"@type":"ListItem","position":2,"name":"Shop","item":"https:\/\/felixflos.nl\/en\/shop\/"},{"@type":"ListItem","position":3,"name":"2-pack \u2014 power pair"}]},{"@type":"WebSite","@id":"https:\/\/felixflos.nl\/en\/#website","url":"https:\/\/felixflos.nl\/en\/","name":"Felix Flos","description":"at home in my skin","potentialAction":[{"@type":"SearchAction","target":{"@type":"EntryPoint","urlTemplate":"https:\/\/felixflos.nl\/en\/?s={search_term_string}"},"query-input":{"@type":"PropertyValueSpecification","valueRequired":true,"valueName":"search_term_string"}}],"inLanguage":"en-US"}]}},"_links":{"self":[{"href":"https:\/\/felixflos.nl\/en\/wp-json\/wp\/v2\/product\/2174","targetHints":{"allow":["GET"]}}],"collection":[{"href":"https:\/\/felixflos.nl\/en\/wp-json\/wp\/v2\/product"}],"about":[{"href":"https:\/\/felixflos.nl\/en\/wp-json\/wp\/v2\/types\/product"}],"wp:featuredmedia":[{"embeddable":true,"href":"https:\/\/felixflos.nl\/en\/wp-json\/wp\/v2\/media\/3074"}],"wp:attachment":[{"href":"https:\/\/felixflos.nl\/en\/wp-json\/wp\/v2\/media?parent=2174"}],"wp:term":[{"taxonomy":"product_brand","embeddable":true,"href":"https:\/\/felixflos.nl\/en\/wp-json\/wp\/v2\/product_brand?post=2174"},{"taxonomy":"product_cat","embeddable":true,"href":"https:\/\/felixflos.nl\/en\/wp-json\/wp\/v2\/product_cat?post=2174"},{"taxonomy":"product_tag","embeddable":true,"href":"https:\/\/felixflos.nl\/en\/wp-json\/wp\/v2\/product_tag?post=2174"}],"curies":[{"name":"wp","href":"https:\/\/api.w.org\/{rel}","templated":true}]}}